{"id":45,"date":"2016-01-29T20:52:42","date_gmt":"2016-01-29T19:52:42","guid":{"rendered":"http:\/\/mathilde.digidrom.eu\/?page_id=45"},"modified":"2026-04-13T08:20:29","modified_gmt":"2026-04-13T06:20:29","slug":"vita","status":"publish","type":"page","link":"https:\/\/mathilde-grebot.com\/de\/vita\/","title":{"rendered":"Vita"},"content":{"rendered":"<p><img loading=\"lazy\" decoding=\"async\" src=\"https:\/\/mathilde-grebot.com\/wp-content\/uploads\/2026.reoue_-771x1024.jpg\" alt=\"\" width=\"771\" height=\"1024\" class=\"alignnone size-medium wp-image-2455\" srcset=\"https:\/\/mathilde-grebot.com\/wp-content\/uploads\/2026.reoue_-771x1024.jpg 771w, https:\/\/mathilde-grebot.com\/wp-content\/uploads\/2026.reoue_-1542x2048.jpg 1542w, https:\/\/mathilde-grebot.com\/wp-content\/uploads\/2026.reoue_-1157x1536.jpg 1157w, https:\/\/mathilde-grebot.com\/wp-content\/uploads\/2026.reoue_-200x266.jpg 200w, https:\/\/mathilde-grebot.com\/wp-content\/uploads\/2026.reoue_-420x558.jpg 420w, https:\/\/mathilde-grebot.com\/wp-content\/uploads\/2026.reoue_-135x179.jpg 135w, https:\/\/mathilde-grebot.com\/wp-content\/uploads\/2026.reoue_-434x576.jpg 434w, https:\/\/mathilde-grebot.com\/wp-content\/uploads\/2026.reoue_-128x170.jpg 128w, https:\/\/mathilde-grebot.com\/wp-content\/uploads\/2026.reoue_-87x115.jpg 87w, https:\/\/mathilde-grebot.com\/wp-content\/uploads\/2026.reoue_-376x500.jpg 376w, https:\/\/mathilde-grebot.com\/wp-content\/uploads\/2026.reoue_-188x250.jpg 188w, https:\/\/mathilde-grebot.com\/wp-content\/uploads\/2026.reoue_-scaled.jpg 1928w, https:\/\/mathilde-grebot.com\/wp-content\/uploads\/2026.reoue_-200x266@2x.jpg 400w, https:\/\/mathilde-grebot.com\/wp-content\/uploads\/2026.reoue_-420x558@2x.jpg 840w, https:\/\/mathilde-grebot.com\/wp-content\/uploads\/2026.reoue_-135x179@2x.jpg 270w, https:\/\/mathilde-grebot.com\/wp-content\/uploads\/2026.reoue_-434x576@2x.jpg 868w, https:\/\/mathilde-grebot.com\/wp-content\/uploads\/2026.reoue_-376x500@2x.jpg 752w\" sizes=\"auto, (max-width: 771px) 100vw, 771px\" \/><\/p>\n<p>Foto: Anna Fernengel<\/p>\n<p>W\u00e4hrend meines Studiums an der Universit\u00e4t der bildenden K\u00fcnste in Saint Etienne entwickelte sich mein Interesse f\u00fcr das Kost\u00fcm. Nach einer Magisterarbeit \u00fcber Bekleidung in der zeitgen\u00f6ssischen Kunst, bekam ich Lust als Kost\u00fcmbildnerin zu agieren und machte eine Ausbildung zur Kost\u00fcmschneiderin an der Hochschule f\u00fcr angewandte Kunst La Martini\u00e8re-Diderot in Lyon. Seit 2006 lebe ich in Deutschland und arbeite als Kost\u00fcmbildnerin und Kost\u00fcmassistentin f\u00fcr Musicals, Oper, Tanz und Schauspiel.<\/p>\n<p>Eine langj\u00e4hrige Zusammenarbeit mit den Regisseuren Jens Kerbel, Philipp Kochheim und mit der Choreografin der Cocoondance Compagny, Rafaele Giovanola f\u00fchrten mich an Theaterh\u00e4user in Bonn, Marburg, Braunschweig, Kassel, Koblenz, Mainz, Monthey, Graz und Aarhus.<\/p>\n<p>Assistenzen f\u00fchrten mich an das Theater Bonn, die Salzburger Festspiele, an Op\u00e9ra National de Paris und die Schaub\u00fchne in Berlin.<br \/>\nAls Kost\u00fcm-Schneiderin unterst\u00fctze ich au\u00dferdem Teams wie zum Beispiel the Forsythe Company und die Puppentheaterkompanie Plexus Polaire.<\/p>\n<div>\n<p>2020-2021 studierte ich an der Universit\u00e4t Lyon 2 Kulturmanagement weiter. In meiner Masterarbeit untersuchte ich den Beruf Kost\u00fcmbildner*in in Deutschland und Frankreich.<\/p>\n<p><a href=\"https:\/\/mathilde-grebot.com\/wp-content\/uploads\/Kostu\u0308mbildner.in-am-Theater-Arbeitsrealita\u0308ten-eines-Berufs.pdf\">Masterarbeit &#8222;Kostu\u0308mbildner*in am Theater, Arbeitsrealita\u0308ten eines Berufs&#8220;<\/a><\/p>\n<p>Seit der Spielzeit 2023-2024 bin ich in der Kost\u00fcmabteilung der\u00a0St\u00e4dtischen B\u00fchnen Frankfurt am Main als Produktionsleiterin f\u00fcr den Opernbereich t\u00e4tig.<br \/>\n2021-2023 war ich aktiv im Vorstands vom Szenografie-Bund und bin au\u00dferdem Mitglied der GTKOS (Gesellschaft der Theaterkost\u00fcmschaffenden), des Kost\u00fcmkollektivs Berlin, des Netzwerks WAM (Women in Arts and Media), der GDBA (<span class=\"module__title__link\">Genossenschaft Deutscher B\u00fchnen-Angeh\u00f6riger<\/span>) und der franz\u00f6sischen UDS (Union Des Sc\u00e9nographes).<\/p>\n<hr style=\"border-top: dotted 2px;\" \/>\n<p><strong>Auszeichnungen:<\/strong><br \/>\nDas Musical &#8222;Ragtime&#8220; wurde 2019 mit dem \u00f6sterreichischen Musiktheaterpreis als die beste Gesamtproduktion im Bereich Musical ausgezeichnet.<br \/>\nMit &#8222;Sphynx&#8220; am Staatstheater Mainz bekam die Choreografin Rafa\u00eble Giovanola den deutschen Theaterpreis, Faust 2022 in der Kategorie &#8222;Inszenierung Tanz&#8220;.<span style=\"font-size: medium;\"><br \/>\n&#8222;Dracula&#8220; wurde 2023 mit dem d\u00e4nischem Aerets Reumert Preis als beste Musicalproduktion des Jahres ausgezeichnet.<\/span><\/p>\n<p><strong>Kost\u00fcmbild:<\/strong><\/p>\n<p>2023<br \/>\n<strong>Dracula, <\/strong>Bram Stoker, Regie Martin Lyngbo, Theater Aarhus, D\u00e4nemark<br \/>\n<strong>L&#8217;Isola d&#8217;Alcina<\/strong>, Musik Giuseppe Gazzaniga, Musikalische Leitung Werner Ehrhardt, Regie Christoph von Bernuth, Staatstheater Oldenburg<\/p>\n<p>2022<br \/>\n<strong>Sunset Boulevard,<\/strong> Regie Philipp Kochheim, Den Jyske Opera, D\u00e4nemark<br \/>\n<strong>L&#8217;Isola d&#8217;Alcina<\/strong>, Musik Giuseppe Gazzaniga, Musikalische Leitung Werner Ehrhardt, Regie Christoph von Bernuth, Schwetzinger Festspiele<br \/>\n<strong>Runtrough<\/strong>, Kokreation mit der Kost\u00fcmbildnerin Veronika Kaleja, Choreografie Cocoondance, Festival Steps, Schweiz<br \/>\n<strong>Sphynx<\/strong>, Choreografie Rafaele Giovanola, Staatstheater Mainz<\/p>\n<p>2021<br \/>\n<strong>Inkognito Royal<\/strong>, Kartsen Fundal, Regie Philipp Kochheim, Den Jyske Opera, Aarhus, D\u00e4nemark<\/p>\n<p>2020<br \/>\n<strong>Don Pasquale<\/strong>, Gaetano Donizetti, Regie Christoph von Bernuth, Oldenburgisches Staatstheater<br \/>\n<strong>Hybridity<\/strong>, Cocoon Dance Compagny, Choreographie Rafaele Giovanola, Premiere in M\u00fclheim<br \/>\n<strong>Die Entf\u00fchrung aus dem Serail<\/strong>, Wolfgang Amadeus Mozart, Regie Philipp Kochheim, Den Jyske Opera, Aarhus, D\u00e4nemark<\/p>\n<p>2019<br \/>\n<strong>Dream City<\/strong>, Coccon Dance Compagny, Th\u00e9\u00e2tre du Crochetan Monthey, Schweiz, Theater im Ballsaal, Bonn<br \/>\n<strong>Doktor Schiwago<\/strong>, Musical von Lucy Simon, Regie markus Olzinger, Musical Fr\u00fchling in Gmunden<br \/>\n<strong>Die Entf\u00fchrung aus dem Serail<\/strong>, Oper von Wolgang Amadeus Mozart, Regie Philipp Kochheim, Theater M\u00fcnster<br \/>\n<strong>Michael Kohlhaas<\/strong>, Oper von Paul August von Klenau, Regie Philipp Kochheim, Den Jyske Opera, Aarhus<\/p>\n<p>2018<br \/>\n<strong>Ragtime<\/strong>, Musical von Stephen Flaherty, Regie Philipp Kochheim, Oper Graz<br \/>\n<strong>I due Foscari<\/strong>, Oper von Guiseppe Verdi, Regie Philipp Kochheim, Theater Bonn<br \/>\n<strong>Jane Eyre<\/strong>, Musical von Paul Gordon, Regie Markus Olzinger , Musical Fr\u00fchling in Gmunden<\/p>\n<p>2017<br \/>\n<strong>Ragtime<\/strong>, Musical von Stephen Flaherty, Regie Philipp Kochheim, Staatstheater Kassel<br \/>\n<strong>Romeo und Julia<\/strong>, Oper von Riccardo Zandonai, Regie Philipp Kochheim, Staatstheater Braunschweig<\/p>\n<p>2016<br \/>\n<strong>Cyrano von Bergerac<\/strong>, Schauspiel von Edmond Rostand, Regie Jens Kerbel, Hessisches Landestheater Marburg<\/p>\n<p>2015<br \/>\n<strong>Ragtime<\/strong>, Musical von Stephen Flaherty, Regie Philipp Kochheim, Staatstheater Braunschweig<br \/>\n<strong>Pinocchios Abenteuer<\/strong>, Oper von Jonathan Dove, Regie Jens Kerbel, Staatstheater Oldenburg<br \/>\n<strong>My Fair Lady<\/strong>, Musical von Frederick Loewe, Regie Philipp Kochheim, Staatstheater Braunschweig<\/p>\n<p>2014<br \/>\n<strong>The Sound of Music<\/strong>, Musical von Richard Rodgers, Regie Philipp Kochheim, Staatstheater Kassel<br \/>\n<strong>Das Kind und der Zauberspuk<\/strong>, Oper von Maurice Ravel, Regie Jens Kerbel, Theater Bonn2013<br \/>\n<strong>Der Freisch\u00fctz<\/strong>, Oper von Carl Maria Weber, Regie Philipp Kochheim, Theater Koblenz<\/p>\n<p>2010 &#8211; 2013<br \/>\nam Theater Bonn\u00a0:<br \/>\n<strong>Die Arabische Prinzessin<\/strong>, Kinderoper von Juan Cris\u00f3stomo de Arriaga, Regie Jens Kerbel<br \/>\n<strong>Peer Gynt<\/strong>, Kinderoper nach E. Grieg und H. Ibsen, Regie Jens Kerbel<br \/>\n<strong>Eloise<\/strong>,Kinderoper von Karl Jenkins, Regie J. Kerbel<br \/>\n<strong>Der Himmelblaue Welpe<\/strong>, Kinderoper von Gennadi Gladkov, Regie B\u00e4rbel Stenzenberger<br \/>\n<strong>Sybille Berg Nacht<\/strong>, Schauspiel Abend, Regie Christopher Hanf<br \/>\n<strong>Sehst\u00f6rung<\/strong>, Schauspiel von Christina Masciotti, Regie J. Kerbel<br \/>\n<strong>Mutters Courage<\/strong>, Schauspiel von George Tabori, Regie Helen Danner<br \/>\n<strong>Tausend W\u00fcnsche eine Quelle<\/strong>, Schauspiel von M.Barfu\u00df und J.Kerbel<\/p>\n<p>2011 &#8211; 2012<br \/>\nHochschule f\u00fcr Kunst und Gesellschaft, Bonn<br \/>\nLiederabende der Schauspielklasse, Leitung: Michael Barfu\u00df<br \/>\n<strong>4734 Peanuts<\/strong>, Choreografie und Tanz, Ziv Frenkel und Valent\u00ed Rocamora i Tor\u00e0<\/p>\n<p>2008 &#8211; 2009<br \/>\nHochschule f\u00fcr Musik und Darstellende Kunst Frankfurt<br \/>\nKost\u00fcm- und B\u00fchnenbild f\u00fcr die Gesangsklasse von S.Bastians und G. Kapoglou<\/p>\n<p>2007<br \/>\n<strong>Die Menscheitsgeschichte<\/strong>, Paul Emond, Compagnie Traverses, Regie V. Traversi<\/p>\n<p>2006<br \/>\n<strong>Der Tag der Kr\u00e4hen<\/strong>, und<strong> Mittelalterliche Possenspiele<\/strong>, Compagnie Th\u00e9\u00e2tre du Lac, Regie R. Simonet<\/p>\n<hr style=\"border-top: dotted 2px;\" \/>\n<\/div>\n<p><strong>Produktionsleitung\/Kost\u00fcmassistenz<\/strong><\/p>\n<p>Schaub\u00fchne Berlin,<br \/>\nSalzburger Festpiele,<br \/>\nOpera National de Paris,<br \/>\nTheater Bonn,<br \/>\nStaatstheater Mainz,<br \/>\nTh\u00e9\u00e2tre de la Croix Rousse<\/p>","protected":false},"excerpt":{"rendered":"<p>Foto: Anna Fernengel W\u00e4hrend meines Studiums an der Universit\u00e4t der bildenden K\u00fcnste in Saint Etienne entwickelte sich mein Interesse f\u00fcr das Kost\u00fcm. Nach einer Magisterarbeit \u00fcber Bekleidung in der zeitgen\u00f6ssischen Kunst, bekam ich Lust als Kost\u00fcmbildnerin zu agieren und machte eine Ausbildung zur Kost\u00fcmschneiderin an [&hellip;]<\/p>\n","protected":false},"author":1,"featured_media":0,"parent":0,"menu_order":0,"comment_status":"closed","ping_status":"closed","template":"page-templates\/full-width.php","meta":{"footnotes":""},"class_list":["post-45","page","type-page","status-publish","hentry"],"_links":{"self":[{"href":"https:\/\/mathilde-grebot.com\/de\/wp-json\/wp\/v2\/pages\/45","targetHints":{"allow":["GET"]}}],"collection":[{"href":"https:\/\/mathilde-grebot.com\/de\/wp-json\/wp\/v2\/pages"}],"about":[{"href":"https:\/\/mathilde-grebot.com\/de\/wp-json\/wp\/v2\/types\/page"}],"author":[{"embeddable":true,"href":"https:\/\/mathilde-grebot.com\/de\/wp-json\/wp\/v2\/users\/1"}],"replies":[{"embeddable":true,"href":"https:\/\/mathilde-grebot.com\/de\/wp-json\/wp\/v2\/comments?post=45"}],"version-history":[{"count":10,"href":"https:\/\/mathilde-grebot.com\/de\/wp-json\/wp\/v2\/pages\/45\/revisions"}],"predecessor-version":[{"id":2458,"href":"https:\/\/mathilde-grebot.com\/de\/wp-json\/wp\/v2\/pages\/45\/revisions\/2458"}],"wp:attachment":[{"href":"https:\/\/mathilde-grebot.com\/de\/wp-json\/wp\/v2\/media?parent=45"}],"curies":[{"name":"wp","href":"https:\/\/api.w.org\/{rel}","templated":true}]}}