{"id":528,"date":"2016-03-02T16:00:18","date_gmt":"2016-03-02T15:00:18","guid":{"rendered":"http:\/\/mathilde.digidrom.eu\/?page_id=528"},"modified":"2026-01-10T22:17:56","modified_gmt":"2026-01-10T21:17:56","slug":"privacy","status":"publish","type":"page","link":"https:\/\/mathilde-grebot.com\/de\/privacy\/","title":{"rendered":"Datenschutzerkl\u00e4rung nach der DSGVO"},"content":{"rendered":"<p>Um diese Website zu nutzen, ist die Angabe personenbezogener Daten grunds\u00e4tzlich nicht erforderlich.<\/p>\n<p>Verantwortlich im Sinne der Datenschutz-Grundverordnung und anderer nationaler Datenschutzgesetze der Mitgliedsstaaten sowie sonstiger datenschutzrechtlicher Bestimmungen ist:<\/p>\n<address>Mathilde Grebot<br \/>\nKaulbachstrasse 32<br \/>\n60596 Frankfurt Am Main<\/p>\n<p>DeutschlandMobil-Tel.: <a href=\"tel:004915161419382\">+49 151 61 41 93 82<\/a><br \/>\nE-Mail: <a href=\"mailto:mathilde@grebot.com\">mathilde@grebot.com<\/a><br \/>\nWebsite: <a href=\"https:\/\/mathilde-grebot.com\">https:\/\/mathilde-grebot.com<\/a><br \/>\n<\/address>\n<h3>Kontaktaufnahme<\/h3>\n<p>Wenn Sie mich per <a href=\"mailto:mathilde@grebot.com\">E-Mail<\/a> oder \u00fcber mein <a href=\"\/de\/kontakt\/\">Kontaktformular<\/a> anschreiben, speichere ich die Angaben, die Sie mir freiwillig \u00fcbermitteln, damit ich Ihr Anliegen bearbeiten kann. Diese Daten gebe ich ohne Ihre ausdr\u00fcckliche Einwilligung nicht weiter. Rechtsgrundlage hierf\u00fcr ist Art. 6 Abs. 1 lit. b, f DSGVO.<\/p>\n<p>Sofern keine gesetzlichen Aufbewahrungsfristen bestehen, l\u00f6sche ich die mir \u00fcbermittelten personenbezogenen Daten, sobald Sie mich dazu auffordern, der Zweck der Speicherung entf\u00e4llt oder die gesetzliche Aufbewahrungsfrist endet.<\/p>\n<p>Wenn Sie mir eine Nachricht \u00fcber das Kontaktformular zukommen lassen, geschieht dies per verschl\u00fcsselter Verbindung (SSL-Verschl\u00fcsselung).<\/p>\n<h2>Zugriffsdaten\/Server-Log-Dateien<\/h2>\n<p>Der von mir beauftragte Webhoster &#8222;ALL-INKL.COM &#8211; Neue Medien M\u00fcnnich&#8220; verf\u00fcgt \u00fcber mehrere eigene Rechenzentren. Diese befinden sich am Standort Dresden. Alle Daten werden somit ausschlie\u00dflich auf Servern in Deutschland gespeichert und unterliegen damit auch den deutschen Datenschutzgesetzen.<\/p>\n<p>Mit diesem Hosting-Provider habe ich zum Zweck der Auftragsverarbeitung einen Vertrag geschlossen, der den Anforderungen des \u00a7 11 BDSG entspricht. Mein Hosting-Provider speichert aus technischen und rechtlichen Gr\u00fcnden in Server-Log-Dateien folgende Daten, die Ihr Browser an uns \u00fcbermittelt:<\/p>\n<ul>\n<li>Der Browsertyp und die verwendete Version<\/li>\n<li>Das Betriebssystem des Nutzers<\/li>\n<li>Den Internet-Service-Provider des Nutzers<\/li>\n<li>Die IP-Adresse des Nutzers<\/li>\n<li>Datum und Uhrzeit des Zugriffs<\/li>\n<li>Websites, von denen das System des Nutzers auf unsere Internetseite gelangt<\/li>\n<li>Websites, die vom System des Nutzers \u00fcber unsere Website aufgerufen werden<\/li>\n<\/ul>\n<p>Diese Daten werden nach sieben Tagen gel\u00f6scht. Eine Zusammenf\u00fchrung dieser Daten mit anderen Datenquellen wird nicht vorgenommen. Aus technischen und rechtlichen Gr\u00fcnden ist die Verarbeitung dieser Daten zur Bereitstellung einer Webseite notwendig und ist daher auf Grund einer rechtliche Verpflichtung bzw. eines berechtigtes Interesse nach Art.\u00a06 Abs.\u00a01 lit.\u00a0c,f DSGVO zul\u00e4ssig.<\/p>\n<h2>Cookies<\/h2>\n<p>Bei Cookies handelt es sich um Textdateien, die auf dem Rechner des Besuchers gespeichert werden. Daher haben Sie als Nutzer auch die volle Kontrolle \u00fcber die Verwendung von Cookies. Durch eine \u00c4nderung der Einstellungen in Ihrem Internetbrowser k\u00f6nnen Sie die \u00dcbertragung von Cookies deaktivieren oder einschr\u00e4nken. Bereits gespeicherte Cookies k\u00f6nnen jederzeit gel\u00f6scht werden. Dies kann auch automatisiert erfolgen.<\/p>\n<p>Im Fu\u00dfbereich meiner Seite haben Sie die M\u00f6glichkeit durch das Anklicken der entsprechenden Nationalflaggen zwischen den Sprachen Deutsch, Englisch und Franz\u00f6sisch zu w\u00e4hlen. Damit Sie bei einem erneuten Besuch meiner Webseite die Inhalte in der von Ihnen gew\u00e4hlten Sprache angezeigt bekommen, verwende ich einen Cookie. Rechtsgrundlage ist eine Interessen-Abw\u00e4gung nach Art.\u00a06 Abs.\u00a01 lit. f DSGVO.<\/p>\n<h2>Recht auf Auskunft, L\u00f6schung, Sperrung<\/h2>\n<p>Sie haben jederzeit das Recht auf unentgeltliche Auskunft \u00fcber Ihre gespeicherten personenbezogenen Daten, deren Herkunft und Empf\u00e4nger und den Zweck der Datenverarbeitung sowie ein Recht auf Berichtigung, Sperrung oder L\u00f6schung dieser Daten. Hierzu sowie zu weiteren Fragen zum Thema personenbezogene Daten k\u00f6nnen Sie sich jederzeit an mich wenden.<\/p>\n<h2>Recht auf Beschwerde<\/h2>\n<p>Wenn Sie annehmen, dass wir bei der Verarbeitung Ihrer pers\u00f6nlichen Daten gegen das geltende Datenschutzrecht versto\u00dfen haben, so k\u00f6nnen Sie sich jederzeit bei einer zust\u00e4ndige Aufsichtsbeh\u00f6rde beschweren. Welche Aufsichtsbeh\u00f6rde zust\u00e4ndig ist, richtet sich u.a. nach dem Ort des mutma\u00dflichen Versto\u00dfes. In unserem Fall w\u00e4re dies der <a href=\"https:\/\/www.datenschutz-berlin.de\/\">Berliner Beauftragte f\u00fcr Datenschutz und Informationsfreiheit<\/a>. Durch eine solche Beschwerde entstehen Ihnen keine rechtliche Nachteile.<\/p>\n<p>Wenn Sie dauerhaft in einem anderen EU-Land als Deutschland arbeiten oder leben, k\u00f6nnen Sie sich auch bei der dort f\u00fcr Sie zust\u00e4ndigen Aufsichtsbeh\u00f6rde beschweren.<\/p>","protected":false},"excerpt":{"rendered":"<p>Um diese Website zu nutzen, ist die Angabe personenbezogener Daten grunds\u00e4tzlich nicht erforderlich. Verantwortlich im Sinne der Datenschutz-Grundverordnung und anderer nationaler Datenschutzgesetze der Mitgliedsstaaten sowie sonstiger datenschutzrechtlicher Bestimmungen ist: Mathilde Grebot Kaulbachstrasse 32 60596 Frankfurt Am Main DeutschlandMobil-Tel.: +49 151 61 41 93 82 E-Mail: [&hellip;]<\/p>\n","protected":false},"author":1,"featured_media":0,"parent":0,"menu_order":0,"comment_status":"closed","ping_status":"closed","template":"","meta":{"footnotes":""},"class_list":["post-528","page","type-page","status-publish","hentry"],"_links":{"self":[{"href":"https:\/\/mathilde-grebot.com\/de\/wp-json\/wp\/v2\/pages\/528","targetHints":{"allow":["GET"]}}],"collection":[{"href":"https:\/\/mathilde-grebot.com\/de\/wp-json\/wp\/v2\/pages"}],"about":[{"href":"https:\/\/mathilde-grebot.com\/de\/wp-json\/wp\/v2\/types\/page"}],"author":[{"embeddable":true,"href":"https:\/\/mathilde-grebot.com\/de\/wp-json\/wp\/v2\/users\/1"}],"replies":[{"embeddable":true,"href":"https:\/\/mathilde-grebot.com\/de\/wp-json\/wp\/v2\/comments?post=528"}],"version-history":[{"count":11,"href":"https:\/\/mathilde-grebot.com\/de\/wp-json\/wp\/v2\/pages\/528\/revisions"}],"predecessor-version":[{"id":2440,"href":"https:\/\/mathilde-grebot.com\/de\/wp-json\/wp\/v2\/pages\/528\/revisions\/2440"}],"wp:attachment":[{"href":"https:\/\/mathilde-grebot.com\/de\/wp-json\/wp\/v2\/media?parent=528"}],"curies":[{"name":"wp","href":"https:\/\/api.w.org\/{rel}","templated":true}]}}