{"id":1326,"date":"2018-05-17T16:06:25","date_gmt":"2018-05-17T14:06:25","guid":{"rendered":"https:\/\/mathilde-grebot.com\/?page_id=1326"},"modified":"2026-01-10T22:23:54","modified_gmt":"2026-01-10T21:23:54","slug":"imprint","status":"publish","type":"page","link":"https:\/\/mathilde-grebot.com\/fr\/imprint\/","title":{"rendered":"Mentions l\u00e9gales"},"content":{"rendered":"<p><\/p>\n<h2>Donn\u00e9es d&rsquo;apr\u00e8s le paragrahe \u00a7 5 TMG<\/h2>\n<p>Mathilde Grebot<br \/>\nKaulbachstrasse 32<br \/>\n60596 Frankfurt am Main<\/p>\n<h3>Contact:<\/h3>\n<p>Telephone: +49 1516 14 19 382<br \/>\nE-Mail: <a href=\"mailto:mathilde@grebot.com\">mathilde@grebot.com<\/a><\/p>\n<h2>D\u00e9charge de responsabilit\u00e9:<\/h2>\n<h3>Responsabilit\u00e9 de contenu de donn\u00e9es<\/h3>\n<p>Les contenus de nos pages ont \u00e9t\u00e9 r\u00e9alis\u00e9s avec le plus grand soin. Cependant nous ne pouvons nous porter garant de la v\u00e9racit\u00e9, l&rsquo;exhaustivit\u00e9 et l&rsquo;actualit\u00e9 des donn\u00e9es. En tant que prestataire de services, nous sommes responsables conform\u00e9ment au \u00a7 7 alin\u00e9a 1 du TMG pour leurs propres contenus sur ces sites par les lois g\u00e9n\u00e9rales. Selon les paragraphes \u00a7\u00a7 8 \u00e0 10 nous ne sommes, en tant que prestataires de services, tenus ni de surveiller les informations stock\u00e9es \u00e9manant de sites \u00e9trangers ni d&rsquo;entreprendre des recherches en cas d&rsquo;\u00e9ventuelles activit\u00e9s non-conformes \u00e0 la l\u00e9gislation en la mati\u00e8re. L&rsquo;obligation de retrait ou d&rsquo;arr\u00eat de l&rsquo;utilisation des informations au titre des lois g\u00e9n\u00e9rales demeure inchang\u00e9e.La responsabilit\u00e9 \u00e0 ce sujet n&rsquo;est toutefois possible qu&rsquo;\u00e0 compter du moment o\u00f9 la violation du droit est port\u00e9e \u00e0 notre connaissance. Nous nous engageons d\u00e8s lors \u00e0 retirer imm\u00e9diatement du site le contenu illicite. <\/p>\n<h3>Responsabilit\u00e9 pour les liens<\/h3>\n<p>Dans la mesure o\u00f9 notre page web contient des liens vers des sites Internet externes de tiers sur le contenu desquels nous n&rsquo;avons aucune influence, nous ne pouvons fournir aucune garantie du contenu de ces sites externes. Le responsable du contenu de ces sites correspondant aux liens est toujours le fournisseur ou l&rsquo;exploitant des sites concern\u00e9s. Les pages li\u00e9es ont \u00e9t\u00e9 v\u00e9rifi\u00e9s et aucune irr\u00e9gularit\u00e9 juridique ni contenu ill\u00e9gal n&rsquo;ont \u00e9t\u00e9 constat\u00e9s lors de la cr\u00e9ation du lien. Un contr\u00f4le permanent du contenu des sites li\u00e9s n&rsquo;est pas r\u00e9alisable sans raisons concr\u00e8tes relevant d&rsquo;une quelconque infraction. Ces liens et contenus seront imm\u00e9diatement supprim\u00e9s si nous avons connaissance de telles violations de la loi. <\/p>\n<h2>Droit d&rsquo;auteur<\/h2>\n<p>Les contenus et \u0153uvres figurant sur les pages de ce site sont soumis \u00e0 la l\u00e9gislation allemande relative \u00e0 la propri\u00e9t\u00e9 litt\u00e9raire et artistique. La reproduction, le traitement, la diffusion et tout type de r\u00e9alisation non conforme aux limites du droit d&rsquo;auteur requi\u00e8rent notre autorisation \u00e9crite. Les t\u00e9l\u00e9chargements et copies effectu\u00e9s sur ce site seront destin\u00e9s uniquement \u00e0 l&rsquo;usage priv\u00e9 et non \u00e0 l&rsquo;exploitation commerciale. Lorsque les contenus de cette page n&rsquo;ont pas \u00e9t\u00e9 cr\u00e9\u00e9s par l&rsquo;exploitant, les droits de propri\u00e9t\u00e9 intellectuelle des tiers sont respect\u00e9s. Les contenus de tiers sont notamment mis en \u00e9vidence de mani\u00e8re appropri\u00e9e. Si vous d\u00e9tectez une violation de droit d&rsquo;auteur, nous vous encourageons \u00e0 nous contacter pour nous le signaler. Nous supprimerons les contenus concern\u00e9s d\u00e8s que nous aurons connaissance de ces infractions.<\/p>\n<h2>Protection des donn\u00e9es<\/h2>\n<p>L&rsquo;utilisation de notre site Web est possible sans fournir de renseignements personnels. Vos donn\u00e9es personnelles (nom, adresse et adresses \u00e9lectroniques par exemple), dans la mesure o\u00f9 elles sont recueillies sur notre site, proviennent toujours d&rsquo;un enregistrement volontaire. Ces donn\u00e9es ne seront pas transmises \u00e0 des tiers sans votre consentement explicite. <\/p>\n<p>Nous attirons l&rsquo;attention sur le fait que les transferts de donn\u00e9es sur Internet (par ex. en communiquant par e-mail) peuvent pr\u00e9senter des failles de s\u00e9curit\u00e9. Les donn\u00e9es ne peuvent pas \u00eatre int\u00e9gralement prot\u00e9g\u00e9es contre l&rsquo;acc\u00e8s non autoris\u00e9 de la part de tiers.<\/p>\n<p>L&rsquo;utilisation par des tiers des coordonn\u00e9es de contacts publi\u00e9es dans le cadre des mentions l\u00e9gales en vue de l&rsquo;envoi de publicit\u00e9 et de renseignements non demand\u00e9s est express\u00e9ment interdite. Les exploitants des pages se r\u00e9servent explicitement le droit d&rsquo;entamer des proc\u00e9dures judiciaires en cas d&rsquo;envoi spontan\u00e9 d&rsquo;informations publicitaires, par exemple par courriel ind\u00e9sirable.<\/p>\n<p>Impressum vom <a href=\"http:\/\/www.impressum-generator.de\">impressum-generator.de<\/a> der <a href=\"https:\/\/www.kanzlei-hasselbach.de\/standorte\/koeln\/\">Kanzlei Hasselbach Rechtsanw\u00e4lte<\/a><\/p>","protected":false},"excerpt":{"rendered":"<p>Donn\u00e9es d&rsquo;apr\u00e8s le paragrahe \u00a7 5 TMG Mathilde Grebot Kaulbachstrasse 32 60596 Frankfurt am Main Contact: Telephone: +49 1516 14 19 382 E-Mail: mathilde@grebot.com D\u00e9charge de responsabilit\u00e9: Responsabilit\u00e9 de contenu de donn\u00e9es Les contenus de nos pages ont \u00e9t\u00e9 r\u00e9alis\u00e9s avec le plus grand soin. [&hellip;]<\/p>\n","protected":false},"author":1,"featured_media":0,"parent":0,"menu_order":0,"comment_status":"closed","ping_status":"closed","template":"","meta":{"footnotes":""},"class_list":["post-1326","page","type-page","status-publish","hentry"],"_links":{"self":[{"href":"https:\/\/mathilde-grebot.com\/fr\/wp-json\/wp\/v2\/pages\/1326","targetHints":{"allow":["GET"]}}],"collection":[{"href":"https:\/\/mathilde-grebot.com\/fr\/wp-json\/wp\/v2\/pages"}],"about":[{"href":"https:\/\/mathilde-grebot.com\/fr\/wp-json\/wp\/v2\/types\/page"}],"author":[{"embeddable":true,"href":"https:\/\/mathilde-grebot.com\/fr\/wp-json\/wp\/v2\/users\/1"}],"replies":[{"embeddable":true,"href":"https:\/\/mathilde-grebot.com\/fr\/wp-json\/wp\/v2\/comments?post=1326"}],"version-history":[{"count":10,"href":"https:\/\/mathilde-grebot.com\/fr\/wp-json\/wp\/v2\/pages\/1326\/revisions"}],"predecessor-version":[{"id":2442,"href":"https:\/\/mathilde-grebot.com\/fr\/wp-json\/wp\/v2\/pages\/1326\/revisions\/2442"}],"wp:attachment":[{"href":"https:\/\/mathilde-grebot.com\/fr\/wp-json\/wp\/v2\/media?parent=1326"}],"curies":[{"name":"wp","href":"https:\/\/api.w.org\/{rel}","templated":true}]}}